{"id":3149,"date":"2019-05-09T10:54:01","date_gmt":"2019-05-09T10:54:01","guid":{"rendered":"https:\/\/apin.hr\/?page_id=3149"},"modified":"2019-05-09T10:54:01","modified_gmt":"2019-05-09T10:54:01","slug":"sanja-devcic","status":"publish","type":"page","link":"https:\/\/apin.hr\/en\/about-us\/team\/sanja-devcic\/","title":{"rendered":"Sanja Dev\u010di\u0107"},"content":{"rendered":"<p><strong>Sanja Dev\u010di\u0107, M.Sc.Ec.<\/strong><br \/>\nAccounting and Finance Manager<br \/>\nContact: <a href=\"mailto:sanja.devcic@apin.hr\">sanja.devcic@apin.hr<\/a> | +385 1 38 70 527 | +385 99 68 14 020<\/p>\n<p><a href=\"https:\/\/apin.hr\/wp-content\/uploads\/2019\/05\/Sanja-Devcic.jpg\"><img loading=\"lazy\" decoding=\"async\" class=\"alignnone size-medium wp-image-3139\" src=\"https:\/\/apin.hr\/wp-content\/uploads\/2019\/05\/Sanja-Devcic-238x300.jpg\" alt=\"\" width=\"238\" height=\"300\"><\/a><\/p>\n<p>Curriculum Vitae<\/p>\n<ul>\n<li>2001. \u2013 Master\u2019s degree in economics &#8211; Faculty of Economics<\/li>\n<li>2011. \u2013 Chartered Certified Accountant<\/li>\n<\/ul>\n<p>Work experience<\/p>\n<ul>\n<li>2001. &#8211; Vox Mundi d.o.o. \u2013 Finance Manager<\/li>\n<li>2006. &#8211; Tax advisor&#8217;s office \u2013 Expert for tax consulting<\/li>\n<li>2008. \u2013 Frida Fides d.o.o. \u2013 General manager<\/li>\n<li>2019. \u2013 APIN sustavi d.o.o. \u2013 Accounting and Finance Manager<\/li>\n<\/ul>\n<p>Specialisation<\/p>\n<ul>\n<li>Accounting software (Synesis, Pantheon, Navision, Cognos\u2026)<\/li>\n<li>Tax advisory services<\/li>\n<\/ul>\n","protected":false},"excerpt":{"rendered":"<p>Sanja Dev\u010di\u0107, M.Sc.Ec. Accounting and Finance Manager Contact: sanja.devcic@apin.hr | +385 1 38 70 527 | +385 99 68 14 020 Curriculum Vitae 2001. \u2013 Master\u2019s degree in economics &#8211; Faculty of Economics 2011. \u2013 Chartered Certified Accountant Work experience 2001. &#8211; Vox Mundi d.o.o. \u2013 Finance Manager 2006. &#8211; Tax advisor&#8217;s office \u2013 Expert for tax consulting 2008. \u2013 &hellip;&#8230;<\/p>\n","protected":false},"author":4,"featured_media":0,"parent":1423,"menu_order":0,"comment_status":"closed","ping_status":"closed","template":"","meta":{"ngg_post_thumbnail":0,"footnotes":""},"_links":{"self":[{"href":"https:\/\/apin.hr\/en\/wp-json\/wp\/v2\/pages\/3149\/"}],"collection":[{"href":"https:\/\/apin.hr\/en\/wp-json\/wp\/v2\/pages\/"}],"about":[{"href":"https:\/\/apin.hr\/en\/wp-json\/wp\/v2\/types\/page\/"}],"author":[{"embeddable":true,"href":"https:\/\/apin.hr\/en\/wp-json\/wp\/v2\/users\/4\/"}],"replies":[{"embeddable":true,"href":"https:\/\/apin.hr\/en\/wp-json\/wp\/v2\/comments\/?post=3149"}],"version-history":[{"count":1,"href":"https:\/\/apin.hr\/en\/wp-json\/wp\/v2\/pages\/3149\/revisions\/"}],"predecessor-version":[{"id":3152,"href":"https:\/\/apin.hr\/en\/wp-json\/wp\/v2\/pages\/3149\/revisions\/3152\/"}],"up":[{"embeddable":true,"href":"https:\/\/apin.hr\/en\/wp-json\/wp\/v2\/pages\/1423\/"}],"wp:attachment":[{"href":"https:\/\/apin.hr\/en\/wp-json\/wp\/v2\/media\/?parent=3149"}],"curies":[{"name":"wp","href":"https:\/\/api.w.org\/{rel}","templated":true}]}}