{"id":2589,"date":"2019-01-31T13:23:37","date_gmt":"2019-01-31T13:23:37","guid":{"rendered":"https:\/\/apin.hr\/?page_id=2589\/"},"modified":"2019-02-02T17:44:10","modified_gmt":"2019-02-02T17:44:10","slug":"sinisa-ivanic","status":"publish","type":"page","link":"https:\/\/apin.hr\/en\/about-us\/team\/sinisa-ivanic\/","title":{"rendered":"Sini\u0161a Ivani\u0107"},"content":{"rendered":"<p><strong>Sini\u0161a Ivani\u0107<\/strong><\/p>\n<p>Fitter \/ Assistant service technician for fire extinguishing systems<\/p>\n<p>Contact: <a href=\"mailto:sinisa.ivanic@apin.hr\">sinisa.ivanic@apin.hr<\/a> | +385 99 2999 239<\/p>\n<p><a href=\"https:\/\/apin.hr\/wp-content\/uploads\/2019\/01\/Sinisa_Ivanic.jpg\"><img loading=\"lazy\" decoding=\"async\" class=\"alignnone size-medium wp-image-2543\" src=\"https:\/\/apin.hr\/wp-content\/uploads\/2019\/01\/Sinisa_Ivanic-237x300.jpg\" alt=\"Sini\u0161a Ivani\u0107\" width=\"237\" height=\"300\"><\/a><\/p>\n<p>Curriculum Vitae<\/p>\n<ul>\n<li>2012. &#8211;&nbsp;Professional exam for performing activies \u2013 The operator vessels of technical gases<\/li>\n<li>2016. &#8211;&nbsp;Professional exam for performing activities in fire alarm and fire extinguishing systems<\/li>\n<\/ul>\n<p>Specialisation<\/p>\n<ul>\n<li>Water fire extinguishing systems (sprinkler, deluge, water mist)<\/li>\n<li>Gaseous fire suppression systems (FM-200, Novec 1230, CO2)<\/li>\n<\/ul>\n","protected":false},"excerpt":{"rendered":"<p>Sini\u0161a Ivani\u0107 Fitter \/ Assistant service technician for fire extinguishing systems Contact: sinisa.ivanic@apin.hr | +385 99 2999 239 Curriculum Vitae 2012. &#8211;&nbsp;Professional exam for performing activies \u2013 The operator vessels of technical gases 2016. &#8211;&nbsp;Professional exam for performing activities in fire alarm and fire extinguishing systems Specialisation Water fire extinguishing systems (sprinkler, deluge, water mist) Gaseous fire suppression systems (FM-200, &hellip;&#8230;<\/p>\n","protected":false},"author":5,"featured_media":0,"parent":1423,"menu_order":10,"comment_status":"open","ping_status":"closed","template":"","meta":{"ngg_post_thumbnail":0,"footnotes":""},"_links":{"self":[{"href":"https:\/\/apin.hr\/en\/wp-json\/wp\/v2\/pages\/2589\/"}],"collection":[{"href":"https:\/\/apin.hr\/en\/wp-json\/wp\/v2\/pages\/"}],"about":[{"href":"https:\/\/apin.hr\/en\/wp-json\/wp\/v2\/types\/page\/"}],"author":[{"embeddable":true,"href":"https:\/\/apin.hr\/en\/wp-json\/wp\/v2\/users\/5\/"}],"replies":[{"embeddable":true,"href":"https:\/\/apin.hr\/en\/wp-json\/wp\/v2\/comments\/?post=2589"}],"version-history":[{"count":2,"href":"https:\/\/apin.hr\/en\/wp-json\/wp\/v2\/pages\/2589\/revisions\/"}],"predecessor-version":[{"id":2757,"href":"https:\/\/apin.hr\/en\/wp-json\/wp\/v2\/pages\/2589\/revisions\/2757\/"}],"up":[{"embeddable":true,"href":"https:\/\/apin.hr\/en\/wp-json\/wp\/v2\/pages\/1423\/"}],"wp:attachment":[{"href":"https:\/\/apin.hr\/en\/wp-json\/wp\/v2\/media\/?parent=2589"}],"curies":[{"name":"wp","href":"https:\/\/api.w.org\/{rel}","templated":true}]}}