{"id":2379,"date":"2017-01-03T11:58:34","date_gmt":"2017-01-03T11:58:34","guid":{"rendered":"https:\/\/apin.hr\/?page_id=2379"},"modified":"2019-01-31T12:42:14","modified_gmt":"2019-01-31T12:42:14","slug":"sinisa-cevis","status":"publish","type":"page","link":"https:\/\/apin.hr\/en\/about-us\/team\/sinisa-cevis\/","title":{"rendered":"Sini\u0161a \u010cevis"},"content":{"rendered":"<p><strong>Sini\u0161a \u010cevis<\/strong><\/p>\n<p>Designer \/ BIM manager<br \/>\nKontakt: <a href=\"mailto:sinisa.cevis@apin.hr\">sinisa.cevis@apin.hr<\/a> | + 385 91 2999 016<\/p>\n<p><a href=\"https:\/\/apin.hr\/wp-content\/uploads\/2017\/01\/Sinisa-Cevis.jpg\"><img loading=\"lazy\" decoding=\"async\" class=\"alignnone wp-image-2377 size-full\" src=\"https:\/\/apin.hr\/wp-content\/uploads\/2017\/01\/Sinisa-Cevis.jpg\" alt=\"\" width=\"236\" height=\"295\"><\/a><\/p>\n<p>Work experience<\/p>\n<ul>\n<li>1996. \u2013 Dorma Croatia<\/li>\n<li>2005. \u2013 Siemens Elin<\/li>\n<li>2008. \u2013 ATP projektiranje<\/li>\n<li>2016. \u2013 APIN projekt<\/li>\n<\/ul>\n<p>Specialisation<\/p>\n<ul>\n<li>BIM Revit expert<\/li>\n<li>Water fire extinguishing systems (sprinkler, deluge, water mist)<\/li>\n<li>Gaseous fire suppression systems (FM-200, Novec 1230, &#8230;)<\/li>\n<li>Seismic bracing system<\/li>\n<li>Fire fighting foam systems<\/li>\n<\/ul>\n","protected":false},"excerpt":{"rendered":"<p>Sini\u0161a \u010cevis Designer \/ BIM manager Kontakt: sinisa.cevis@apin.hr | + 385 91 2999 016 Work experience 1996. \u2013 Dorma Croatia 2005. \u2013 Siemens Elin 2008. \u2013 ATP projektiranje 2016. \u2013 APIN projekt Specialisation BIM Revit expert Water fire extinguishing systems (sprinkler, deluge, water mist) Gaseous fire suppression systems (FM-200, Novec 1230, &#8230;) Seismic bracing system Fire fighting foam systems<\/p>\n","protected":false},"author":4,"featured_media":0,"parent":1423,"menu_order":0,"comment_status":"open","ping_status":"open","template":"","meta":{"ngg_post_thumbnail":0,"footnotes":""},"_links":{"self":[{"href":"https:\/\/apin.hr\/en\/wp-json\/wp\/v2\/pages\/2379\/"}],"collection":[{"href":"https:\/\/apin.hr\/en\/wp-json\/wp\/v2\/pages\/"}],"about":[{"href":"https:\/\/apin.hr\/en\/wp-json\/wp\/v2\/types\/page\/"}],"author":[{"embeddable":true,"href":"https:\/\/apin.hr\/en\/wp-json\/wp\/v2\/users\/4\/"}],"replies":[{"embeddable":true,"href":"https:\/\/apin.hr\/en\/wp-json\/wp\/v2\/comments\/?post=2379"}],"version-history":[{"count":2,"href":"https:\/\/apin.hr\/en\/wp-json\/wp\/v2\/pages\/2379\/revisions\/"}],"predecessor-version":[{"id":2560,"href":"https:\/\/apin.hr\/en\/wp-json\/wp\/v2\/pages\/2379\/revisions\/2560\/"}],"up":[{"embeddable":true,"href":"https:\/\/apin.hr\/en\/wp-json\/wp\/v2\/pages\/1423\/"}],"wp:attachment":[{"href":"https:\/\/apin.hr\/en\/wp-json\/wp\/v2\/media\/?parent=2379"}],"curies":[{"name":"wp","href":"https:\/\/api.w.org\/{rel}","templated":true}]}}