{"id":1460,"date":"2013-01-04T11:53:43","date_gmt":"2013-01-04T11:53:43","guid":{"rendered":"https:\/\/apin.hr\/sprinkler-system\/dijelovi\/"},"modified":"2013-09-05T10:14:37","modified_gmt":"2013-09-05T10:14:37","slug":"components","status":"publish","type":"page","link":"https:\/\/apin.hr\/en\/sprinkler-system\/components\/","title":{"rendered":"Components"},"content":{"rendered":"<p>The main components of sprinkler systems comprise: sprinkler heads and piping, sprinkler valve set and the sprinkler system water supply.  <\/p>\n<p><strong><em>Sprinkler head<\/em><\/strong><br \/>\nEach sprinkler head consists of the deflector, fusible link or bulb, plug and the sprinkler head frame. If the temperature rises by more than 30\u00b0C relative to the ambient temperature, the sprinkler head fusible link or bulb trips thus allowing the water spray to eject the plug. The water spray is dispersed through the deflector of the sprinkler head creating a parabolic water spray.  <\/p>\n<p>Sprinkler heads classified according to the type of deflector:<br \/>\nspray, flat spray (flat jet spray nozzle), concealed spray nozzle and sidewall spray nozzle<\/p>\n<p>Sprinkler heads classified according to the direction of mounting:<br \/>\nupright, pendent (ceiling mounted), sidewall and horizontal sidewall <\/p>\n<p>Sprinkler heads classified according to the response time index (RTI factor) to:<br \/>\nstandard response (RTI>80) i quick response (RTI<50)\nstandard response (RTI>80) and quick response (RTI<50)\t\nSprinkler heads with the RTI factor higher than 50 and below 80 are called special response and are not classified under the NFPA standard; they are occasionally used in Europe \n\nSprinkler heads classified according to the K factor (quantity of water supplied by the spray nozzle):\nThe K-factor is defined with the following formula:\n<img loading=\"lazy\" decoding=\"async\" src=\"https:\/\/apin.hr\/wp-content\/uploads\/2013\/01\/formula3.png\" alt=\"formula\" width=\"70\" height=\"22\" class=\"alignnone size-full wp-image-669\" \/><br \/>\nQ \u2013 flow (l\/min)<br \/>\nK \u2013 factor<br \/>\np \u2013 pressure (bar)<\/p>\n<p>Standard K-factors are the following:<br \/>\nK57, K80, K115, K160, K200, K242, K320, K363. <\/p>\n<p>Sprinkler heads classified according to the activation temperature:<br \/>\n57\u00b0C (orange bulb), 68\u00b0C (red bulb), 79\u00b0C (yellow bulb), 93\u00b0C (green bulb), 141\u00b0C (blue bulb), 182\u00b0C (light purple bulb), 260\u00b0C (black bulb). <\/p>\n<p>Apart from the previously mentioned types, there are other types of closely specialised spray nozzles, such as: dry pendent sprinkler head (the head installed in the areas subject to freezing temperatures connected to the deluge sprinkler network), twin sprinkler head (twin head which releases water only when both bulbs are actuated), in-rack sprinkler heads (heads with a fitted deflector for mounting in the shelving) etc.<\/p>\n<p><strong><strong>Sprinkler valve set<\/strong><\/em><\/strong><br \/>\nThe main purpose of the sprinkler valve set is to signalise the activation of the sprinkler system. The main classification of sprinkler valve assemblies is the following:<\/p>\n<p><strong>Sprinkler Wet type<\/strong> station is a valve set with water contained in the top and bottom chamber. Due to pressure imbalance in the top and bottom chambers (develops when the sprinkler head is set off), the plug of the sprinkler valve is elevated thus releasing the water into the alarm gong line. This line houses an alarm gong providing an audible notification of the fire, as well as a pressure switch which transmits the fire alarm signal to the fire alarm control unit.<\/p>\n<p><strong>Sprinkler dry station <\/strong> is a valve set with air contained in the top chamber and water in the bottom chamber. Due to pressure imbalance in the top and bottom chambers (develops when the sprinkler head is set off), the plug of the sprinkler valve is elevated thus releasing the water into the alarm gong line. This line houses an alarm gong providing an audible notification of the fire, as well as a pressure switch which transmits the fire alarm signal to the fire alarm control unit.<\/p>\n<p><strong>Pre-action sprinkler station <\/strong> is a valve set with air contained in the top chamber and water in the bottom chamber. When the fire alarm system is set off and the pressure in the line drops, the electromagnetic valve is activated causing pressure imbalance on the sprinkler pre-action valve, raising the sprinkler valve plug which releases the water into the alarm gong line. This line houses an alarm gong providing an audible notification of the fire, as well as a pressure switch which transmits the fire alarm signal to the fire alarm control unit.<\/p>\n<p><strong><em>Sprinkler system water supply  <\/em><\/strong><br \/>\nOpskrba vodom sprinkler sustava kao i vremena ga\u0161enja sprinkler sustava ovisi o vrsti \u0161ti\u0107enog prostora, tipu \u0161ti\u0107enog materijala i veli\u010dini sprinkler instalacije. <\/p>\n<p>Supply of water to the sprinkler system and the shutdown time of the sprinkler system depend on the type of protected zone, type of protected material and size of the sprinkler arrangement. <\/p>\n<p>The main classification of the water supply is to: exhaustible and inexhaustible water source. These sources of water are pump rooms connected to water storage tanks and reduced capacity tanks, air to water pressure tanks and the water supply line. In the case of larger sprinkler systems and pursuant to the regulations, different types of water sources are combined in order to increase the safety in the delivery of extinguishing water. Water supply to the sprinkler system should cater to the most demanding case of fire in a building by delivering adequate pressure and adequate quantity resulting from hydraulic calculation.<\/p>\n<div id=\"ccgallery\" data-coverflow-fade=\"true\" data-autoplay=\"true\"><menu type=\"toolbar\"><div class=\"buttonset\" id=\"displayButtons\" style=\"display:none\"><a class=\"navbuttons\" id=\"gocoverflow\">Coverflow<\/a>\n\t\t\t\t<a class=\"navbuttons active\" id=\"gothumbs\">Thumbnails<\/a><\/div><div class=\"buttonset\" id=\"sortButtons\"><a class=\"navbuttons active\" id=\"all\" data-type=\"all\">All<\/a><a class=\"navbuttons\" id=\"photos\" data-type=\"photo\">Photos<\/a><a class=\"navbuttons\" id=\"audios\" data-type=\"audio\">Audios<\/a><a class=\"navbuttons\" id=\"videos\" data-type=\"video\">Videos<\/a><\/div>\n\t\t<\/menu>\t\t\n\t\t\n\t\t<section class=\"displayStyle\" id=\"coverflowGallery\" style=\"display: none\">\n\t\t\t<div id=\"coverContainer\"><\/div>\n\t\t\t\n\t\t\t<div id=\"scroll-wrap\">\n\t\t\t\t<a id=\"next\"><\/a>\n\t\t\t\t<div id=\"scrollbar-track\">\n\t\t\t\t\t<a href=\"#\" class=\"ui-slider-handle\"><\/a>\n\t\t\t\t<\/div>\n\t\t\t\t<a id=\"prev\"><\/a>\n\t\t\t<\/div>\n\t\t\t\n\t\t\t<div id=\"listWrapper\" style=\"display: none\">\n\t\t\t\t<ol id=\"itemList\"><\/ol>\n\t\t\t<\/div>\n\t\t<\/section>  <!-- end #coverflowGallery -->\n\t\t\n\t\t<section class=\"displayStyle\" id=\"thumbGallery\">\n\t\t\t<ul><\/ul>\n\t\t<\/section>  <!-- end #thumbGallery -->\n\t<\/div>  <!-- end #ccgallery -->\n","protected":false},"excerpt":{"rendered":"<p>The main components of sprinkler systems comprise: sprinkler heads and piping, sprinkler valve set and the sprinkler system water supply. Sprinkler head Each sprinkler head consists of the deflector, fusible link or bulb, plug and the sprinkler head frame. If the temperature rises by more than 30\u00b0C relative to the ambient temperature, the sprinkler head fusible link or bulb trips &hellip;&#8230;<\/p>\n","protected":false},"author":1,"featured_media":0,"parent":96,"menu_order":2,"comment_status":"open","ping_status":"open","template":"","meta":{"ngg_post_thumbnail":0,"footnotes":""},"_links":{"self":[{"href":"https:\/\/apin.hr\/en\/wp-json\/wp\/v2\/pages\/1460\/"}],"collection":[{"href":"https:\/\/apin.hr\/en\/wp-json\/wp\/v2\/pages\/"}],"about":[{"href":"https:\/\/apin.hr\/en\/wp-json\/wp\/v2\/types\/page\/"}],"author":[{"embeddable":true,"href":"https:\/\/apin.hr\/en\/wp-json\/wp\/v2\/users\/1\/"}],"replies":[{"embeddable":true,"href":"https:\/\/apin.hr\/en\/wp-json\/wp\/v2\/comments\/?post=1460"}],"version-history":[{"count":5,"href":"https:\/\/apin.hr\/en\/wp-json\/wp\/v2\/pages\/1460\/revisions\/"}],"predecessor-version":[{"id":1932,"href":"https:\/\/apin.hr\/en\/wp-json\/wp\/v2\/pages\/1460\/revisions\/1932\/"}],"up":[{"embeddable":true,"href":"https:\/\/apin.hr\/en\/wp-json\/wp\/v2\/pages\/96\/"}],"wp:attachment":[{"href":"https:\/\/apin.hr\/en\/wp-json\/wp\/v2\/media\/?parent=1460"}],"curies":[{"name":"wp","href":"https:\/\/api.w.org\/{rel}","templated":true}]}}