{"id":1444,"date":"2013-01-09T14:04:45","date_gmt":"2013-01-09T14:04:45","guid":{"rendered":"https:\/\/apin.hr\/about-us\/tim\/vedran-karapandzic\/"},"modified":"2015-07-01T14:20:54","modified_gmt":"2015-07-01T14:20:54","slug":"vedran-karapandzic","status":"publish","type":"page","link":"https:\/\/apin.hr\/en\/about-us\/team\/vedran-karapandzic\/","title":{"rendered":"Vedran Karapand\u017ei\u0107"},"content":{"rendered":"<p><strong>Vedran Karapand\u017ei\u0107<\/strong><\/p>\n<p>Service technician for fire extinguishing systems<br \/>\nContact: <a href=\"mailto:vedran.karapandzic@apin.hr\">vedran.karapandzic@apin.hr<\/a>\u00a0\u00a0 | + 385 1 38 70 528 | + 385 99 2999 241<\/p>\n<p><img loading=\"lazy\" decoding=\"async\" class=\"alignnone size-medium wp-image-1204\" src=\"https:\/\/apin.hr\/wp-content\/uploads\/2013\/01\/Vedran-Karapandzic-240x300.jpg\" alt=\"Vedran-Karapandzic\" width=\"240\" height=\"300\" srcset=\"https:\/\/apin.hr\/wp-content\/uploads\/2013\/01\/Vedran-Karapandzic-240x300.jpg 240w, https:\/\/apin.hr\/wp-content\/uploads\/2013\/01\/Vedran-Karapandzic-820x1024.jpg 820w, https:\/\/apin.hr\/wp-content\/uploads\/2013\/01\/Vedran-Karapandzic.jpg 916w\" sizes=\"(max-width: 240px) 100vw, 240px\" \/><\/p>\n<p>Specialisation<\/p>\n<ul>\n<li>Water fire extinguishing systems (sprinkler, deluge, water mist)<\/li>\n<li>Gaseous fire suppression systems (FM-200, Novec 1230, CO2)<\/li>\n<li>Fire alarm systems<\/li>\n<li>Restaurant fire suppression systems<\/li>\n<li>Air sampling<\/li>\n<\/ul>\n","protected":false},"excerpt":{"rendered":"<p>Vedran Karapand\u017ei\u0107 Service technician for fire extinguishing systems Contact: vedran.karapandzic@apin.hr\u00a0\u00a0 | + 385 1 38 70 528 | + 385 99 2999 241 Specialisation Water fire extinguishing systems (sprinkler, deluge, water mist) Gaseous fire suppression systems (FM-200, Novec 1230, CO2) Fire alarm systems Restaurant fire suppression systems Air sampling<\/p>\n","protected":false},"author":1,"featured_media":0,"parent":1423,"menu_order":0,"comment_status":"open","ping_status":"open","template":"","meta":{"ngg_post_thumbnail":0,"footnotes":""},"_links":{"self":[{"href":"https:\/\/apin.hr\/en\/wp-json\/wp\/v2\/pages\/1444\/"}],"collection":[{"href":"https:\/\/apin.hr\/en\/wp-json\/wp\/v2\/pages\/"}],"about":[{"href":"https:\/\/apin.hr\/en\/wp-json\/wp\/v2\/types\/page\/"}],"author":[{"embeddable":true,"href":"https:\/\/apin.hr\/en\/wp-json\/wp\/v2\/users\/1\/"}],"replies":[{"embeddable":true,"href":"https:\/\/apin.hr\/en\/wp-json\/wp\/v2\/comments\/?post=1444"}],"version-history":[{"count":3,"href":"https:\/\/apin.hr\/en\/wp-json\/wp\/v2\/pages\/1444\/revisions\/"}],"predecessor-version":[{"id":2276,"href":"https:\/\/apin.hr\/en\/wp-json\/wp\/v2\/pages\/1444\/revisions\/2276\/"}],"up":[{"embeddable":true,"href":"https:\/\/apin.hr\/en\/wp-json\/wp\/v2\/pages\/1423\/"}],"wp:attachment":[{"href":"https:\/\/apin.hr\/en\/wp-json\/wp\/v2\/media\/?parent=1444"}],"curies":[{"name":"wp","href":"https:\/\/api.w.org\/{rel}","templated":true}]}}