{"id":1442,"date":"2013-01-09T14:04:16","date_gmt":"2013-01-09T14:04:16","guid":{"rendered":"https:\/\/apin.hr\/about-us\/tim\/ivan-devcic\/"},"modified":"2015-07-01T14:20:27","modified_gmt":"2015-07-01T14:20:27","slug":"ivan-devcic","status":"publish","type":"page","link":"https:\/\/apin.hr\/en\/about-us\/team\/ivan-devcic\/","title":{"rendered":"Ivan Dev\u010di\u0107"},"content":{"rendered":"<p><strong>Ivan Dev\u010di\u0107<\/strong><\/p>\n<p>Automation technician \u2013 service technician for fire extinguishing systems<br \/>\nContact: <a href=\"mailto:ivan.devcic@apin.hr\">ivan.devcic@apin.hr<\/a>\u00a0 | + 385 1 38 70 528 | + 385 99 2999 240<\/p>\n<p><img loading=\"lazy\" decoding=\"async\" class=\"alignnone size-medium wp-image-1202\" src=\"https:\/\/apin.hr\/wp-content\/uploads\/2013\/01\/ivan-devcic-1-239x300.jpg\" alt=\"ivan-devcic-1\" width=\"239\" height=\"300\" srcset=\"https:\/\/apin.hr\/wp-content\/uploads\/2013\/01\/ivan-devcic-1-239x300.jpg 239w, https:\/\/apin.hr\/wp-content\/uploads\/2013\/01\/ivan-devcic-1-815x1024.jpg 815w, https:\/\/apin.hr\/wp-content\/uploads\/2013\/01\/ivan-devcic-1.jpg 909w\" sizes=\"(max-width: 239px) 100vw, 239px\" \/><\/p>\n<p>Curriculum Vitae<\/p>\n<ul>\n<li>2013. \u2013 Professional exam for performing activies \u2013 The operator vessels of technical gases<\/li>\n<\/ul>\n<p>Specialisation<\/p>\n<ul>\n<li>Water fire extinguishing systems (sprinkler, deluge, water mist)<\/li>\n<li>Gaseous fire suppression systems (FM-200, Novec 1230, CO2)<\/li>\n<li>Fire fighting foam systems<\/li>\n<li>Fire alarm systems<\/li>\n<li>Restaurant fire suppression systems<\/li>\n<li>Air sampling<\/li>\n<li>F &#8211; gas service and maintenance<\/li>\n<li>Door fan test<\/li>\n<\/ul>\n","protected":false},"excerpt":{"rendered":"<p>Ivan Dev\u010di\u0107 Automation technician \u2013 service technician for fire extinguishing systems Contact: ivan.devcic@apin.hr\u00a0 | + 385 1 38 70 528 | + 385 99 2999 240 Curriculum Vitae 2013. \u2013 Professional exam for performing activies \u2013 The operator vessels of technical gases Specialisation Water fire extinguishing systems (sprinkler, deluge, water mist) Gaseous fire suppression systems (FM-200, Novec 1230, CO2) Fire &hellip;&#8230;<\/p>\n","protected":false},"author":1,"featured_media":0,"parent":1423,"menu_order":0,"comment_status":"open","ping_status":"open","template":"","meta":{"ngg_post_thumbnail":0,"footnotes":""},"_links":{"self":[{"href":"https:\/\/apin.hr\/en\/wp-json\/wp\/v2\/pages\/1442\/"}],"collection":[{"href":"https:\/\/apin.hr\/en\/wp-json\/wp\/v2\/pages\/"}],"about":[{"href":"https:\/\/apin.hr\/en\/wp-json\/wp\/v2\/types\/page\/"}],"author":[{"embeddable":true,"href":"https:\/\/apin.hr\/en\/wp-json\/wp\/v2\/users\/1\/"}],"replies":[{"embeddable":true,"href":"https:\/\/apin.hr\/en\/wp-json\/wp\/v2\/comments\/?post=1442"}],"version-history":[{"count":4,"href":"https:\/\/apin.hr\/en\/wp-json\/wp\/v2\/pages\/1442\/revisions\/"}],"predecessor-version":[{"id":2287,"href":"https:\/\/apin.hr\/en\/wp-json\/wp\/v2\/pages\/1442\/revisions\/2287\/"}],"up":[{"embeddable":true,"href":"https:\/\/apin.hr\/en\/wp-json\/wp\/v2\/pages\/1423\/"}],"wp:attachment":[{"href":"https:\/\/apin.hr\/en\/wp-json\/wp\/v2\/media\/?parent=1442"}],"curies":[{"name":"wp","href":"https:\/\/api.w.org\/{rel}","templated":true}]}}