{"id":1423,"date":"2013-01-04T10:23:01","date_gmt":"2013-01-04T10:23:01","guid":{"rendered":"https:\/\/apin.hr\/about-us\/tim\/"},"modified":"2025-09-28T12:22:03","modified_gmt":"2025-09-28T12:22:03","slug":"team","status":"publish","type":"page","link":"https:\/\/apin.hr\/en\/about-us\/team\/","title":{"rendered":"The Team"},"content":{"rendered":"<table id=\"dispnone\" width=\"500px\" align=\"left\"  style=\"width:500px;\"  class=\"easy-table easy-table-default \" border=\"0\">\n<thead>\r\n<tr><th  style=\"width:150px\" >.<\/th>\n<th  style=\"width:350px\" >.<\/th>\n<\/tr>\n<\/thead>\n<tbody>\r\n<tr><td >Branimir Cindori<\/td>\n<td > Director APIN projekt \/ Member of the Managment Board<\/td>\n<\/tr>\n\r\n<tr><td >Ivan Kri\u017eanac<\/td>\n<td > Commercial director of APIN sustavi \/ Member of Management Board<\/td>\n<\/tr>\n\r\n<tr><td >Nenad Semenov<\/td>\n<td > Director of APIN sustavi \/ Mdember of Management Board<\/td>\n<\/tr>\n\r\n<tr><td >Goran Kri\u017eanac<\/td>\n<td > Designer<\/td>\n<\/tr>\n\r\n<tr><td >Davor Dragani\u0107<\/td>\n<td > Project manager<\/td>\n<\/tr>\n\r\n<tr><td >Bruno \u010cu\u010dek<\/td>\n<td > Project manager<\/td>\n<\/tr>\n\r\n<tr><td >Boris Bajsar<\/td>\n<td > Project manager<\/td>\n<\/tr>\n\r\n<tr><td >Goran Vukovi\u0107<\/td>\n<td > Designer<\/td>\n<\/tr>\n\r\n<tr><td >Sini\u0161a \u010cevis<\/td>\n<td > Designer \/ BIM manager<\/td>\n<\/tr>\n\r\n<tr><td >Sanja Dev\u010di\u0107<\/td>\n<td > Accounting and Finance Manager<\/td>\n<\/tr>\n\r\n<tr><td >Barbara Semenov<\/td>\n<td > Associate Designer<\/td>\n<\/tr>\n\r\n<tr><td >Ivica Vidovi\u0107<\/td>\n<td > Automation technician\u2013service technician for fire extinguishing systems<\/td>\n<\/tr>\n\r\n<tr><td >Darko Sremec<\/td>\n<td > Automation technician\u2013service technician for fire extinguishing systems<\/td>\n<\/tr>\n\r\n<tr><td >Ivan Dev\u010di\u0107<\/td>\n<td > Automation technician\u2013service technician for fire extinguishing systems<\/td>\n<\/tr>\n\r\n<tr><td >Vedran Karapand\u017ei\u0107<\/td>\n<td > Service technician for fire extinguishing systems<\/td>\n<\/tr>\n\r\n<tr><td >Marko Kru\u0161ec<\/td>\n<td > Fitter \/ Assistant service tehnician for fire extinguishing systems<\/td>\n<\/tr>\n\r\n<tr><td >Darko Carek<\/td>\n<td > Fitter \/ Assistant service tehnician for fire extinguishing systems<\/td>\n<\/tr>\n\r\n<tr><td >Dra\u017een Ko\u0161ara\u010d<\/td>\n<td > Head of logistics<\/td>\n<\/tr>\n\r\n<tr><td >Sini\u0161a Ivani\u0107<\/td>\n<td > Fitter<\/td>\n<\/tr>\n\r\n<tr><td >Slavko Nikoli\u0107<\/td>\n<td > Fitter<\/td>\n<\/tr>\n<\/tbody><\/table>\n","protected":false},"excerpt":{"rendered":"","protected":false},"author":1,"featured_media":0,"parent":81,"menu_order":4,"comment_status":"open","ping_status":"open","template":"","meta":{"ngg_post_thumbnail":0,"footnotes":""},"_links":{"self":[{"href":"https:\/\/apin.hr\/en\/wp-json\/wp\/v2\/pages\/1423\/"}],"collection":[{"href":"https:\/\/apin.hr\/en\/wp-json\/wp\/v2\/pages\/"}],"about":[{"href":"https:\/\/apin.hr\/en\/wp-json\/wp\/v2\/types\/page\/"}],"author":[{"embeddable":true,"href":"https:\/\/apin.hr\/en\/wp-json\/wp\/v2\/users\/1\/"}],"replies":[{"embeddable":true,"href":"https:\/\/apin.hr\/en\/wp-json\/wp\/v2\/comments\/?post=1423"}],"version-history":[{"count":17,"href":"https:\/\/apin.hr\/en\/wp-json\/wp\/v2\/pages\/1423\/revisions\/"}],"predecessor-version":[{"id":3308,"href":"https:\/\/apin.hr\/en\/wp-json\/wp\/v2\/pages\/1423\/revisions\/3308\/"}],"up":[{"embeddable":true,"href":"https:\/\/apin.hr\/en\/wp-json\/wp\/v2\/pages\/81\/"}],"wp:attachment":[{"href":"https:\/\/apin.hr\/en\/wp-json\/wp\/v2\/media\/?parent=1423"}],"curies":[{"name":"wp","href":"https:\/\/api.w.org\/{rel}","templated":true}]}}